{"id":746,"date":"2015-05-10T01:29:28","date_gmt":"2015-05-09T23:29:28","guid":{"rendered":"http:\/\/demowp.cththemes.net\/domik\/?page_id=746"},"modified":"2025-08-06T23:35:46","modified_gmt":"2025-08-06T21:35:46","slug":"accueil","status":"publish","type":"page","link":"https:\/\/timounnoupeyi.com\/tmnp\/","title":{"rendered":"Accueil"},"content":{"rendered":"<div class=\"wpb-content-wrapper\"><p>[vc_row cth_layout=&#8221;home_full_height&#8221;][vc_column css=&#8221;.vc_custom_1448424282515{padding-right: 0px !important;padding-left: 0px !important;}&#8221;][vc_single_image image=&#8221;1126&#8243; img_size=&#8221;1920&#215;687&#8243; alignment=&#8221;center&#8221; onclick=&#8221;custom_link&#8221; css=&#8221;&#8221; link=&#8221;https:\/\/timounnoupeyi.com\/tmnp\/boutique\/&#8221;][vc_column_text css=&#8221;.vc_custom_1754470115401{margin-right: 5px !important;margin-left: 5px !important;border-right-width: 5px !important;border-left-width: 5px !important;padding-right: 10px !important;padding-left: 10px !important;background-position: center !important;background-repeat: no-repeat !important;background-size: contain !important;border-radius: 5px !important;}&#8221;]Bienvenue dans la boutique \u00ab <strong>Ti Moun Nou P\u00e9yi<\/strong> \u00bb\u2026<\/p>\n<p>Nous commen\u00e7ons par le livre qui a inspir\u00e9 toute cette aventure, puis nous ajouterons d&#8217;autres produits qui nous tiennent \u00e0 c\u0153ur.<br \/>\nSachez que nous sommes passionn\u00e9s par la pap\u00e8terie !<\/p>\n<p>Cahiers, journal intime, et tout ce qui implique un stylo devant une page blanche nous enflamme. Alors, pr\u00e9parez-vous \u00e0 d\u00e9couvrir des design originaux et des agendas tr\u00e8s sp\u00e9cifiques qui vous accompagneront tout au long de votre parcours de d\u00e9veloppement personnel.<\/p>\n<p>Que vous soyez une personne saine de corps et d&#8217;esprit, un croyant tr\u00e8s religieux ou une &#8220;personne cibl\u00e9e&#8221; (occup\u00e9e \u00e0 survivre des \u00ab attaques \u00bb neurologiques dont personne ne veut que vous parliez, sauf comme une \u00ab hallucination \u00bb ou une \u00ab illusion \u00bb) nous vous soutenons ![\/vc_column_text][\/vc_column][\/vc_row][vc_row][vc_column][vc_single_image image=&#8221;1177&#8243; img_size=&#8221;1901&#215;146&#8243; alignment=&#8221;center&#8221; style=&#8221;vc_box_border_circle&#8221; border_color=&#8221;orange&#8221; onclick=&#8221;custom_link&#8221; css=&#8221;&#8221; link=&#8221;https:\/\/timounnoupeyi.com\/tmnp\/boutique\/&#8221;][\/vc_column][\/vc_row][vc_row][vc_column][vc_single_image image=&#8221;1178&#8243; img_size=&#8221;1901&#215;146&#8243; alignment=&#8221;center&#8221; style=&#8221;vc_box_border_circle&#8221; border_color=&#8221;orange&#8221; onclick=&#8221;custom_link&#8221; css=&#8221;&#8221; link=&#8221;https:\/\/timounnoupeyi.com\/tmnp\/mon-compte\/&#8221;][\/vc_column][\/vc_row][vc_row][vc_column][vc_single_image image=&#8221;1179&#8243; img_size=&#8221;1901&#215;146&#8243; alignment=&#8221;center&#8221; style=&#8221;vc_box_border_circle&#8221; border_color=&#8221;orange&#8221; onclick=&#8221;custom_link&#8221; css=&#8221;&#8221; link=&#8221;https:\/\/timounnoupeyi.com\/tmnp\/panier\/&#8221;][\/vc_column][\/vc_row]<\/p>\n<\/div>","protected":false},"excerpt":{"rendered":"<p>[vc_row cth_layout=&#8221;home_full_height&#8221;][vc_column css=&#8221;.vc_custom_1448424282515{padding-right: 0px !important;padding-left: 0px !important;}&#8221;][vc_single_image image=&#8221;1126&#8243; img_size=&#8221;1920&#215;687&#8243; alignment=&#8221;center&#8221; onclick=&#8221;custom_link&#8221; css=&#8221;&#8221; link=&#8221;https:\/\/timounnoupeyi.com\/tmnp\/boutique\/&#8221;][vc_column_text css=&#8221;.vc_custom_1754470115401{margin-right: 5px !important;margin-left: 5px !important;border-right-width: 5px !important;border-left-width: 5px !important;padding-right: 10px !important;padding-left: 10px !important;background-position: center !important;background-repeat: no-repeat !important;background-size: contain !important;border-radius: 5px !important;}&#8221;]Bienvenue dans la boutique \u00ab Ti Moun &hellip; <a href=\"https:\/\/timounnoupeyi.com\/tmnp\/\">Continue reading <span class=\"meta-nav\">&rarr;<\/span><\/a><\/p>\n","protected":false},"author":1,"featured_media":0,"parent":0,"menu_order":0,"comment_status":"open","ping_status":"closed","template":"","meta":{"footnotes":""},"class_list":["post-746","page","type-page","status-publish","hentry"],"yoast_head":"<!-- This site is optimized with the Yoast SEO plugin v27.4 - https:\/\/yoast.com\/product\/yoast-seo-wordpress\/ -->\n<title>Accueil - Ti Moun Nou P\u00e9yi<\/title>\n<meta name=\"robots\" content=\"index, follow, max-snippet:-1, max-image-preview:large, max-video-preview:-1\" \/>\n<link rel=\"canonical\" href=\"https:\/\/timounnoupeyi.com\/tmnp\/\" \/>\n<meta property=\"og:locale\" content=\"fr_FR\" \/>\n<meta property=\"og:type\" content=\"article\" \/>\n<meta property=\"og:title\" content=\"Accueil - Ti Moun Nou P\u00e9yi\" \/>\n<meta property=\"og:description\" content=\"[vc_row cth_layout=&#8221;home_full_height&#8221;][vc_column css=&#8221;.vc_custom_1448424282515{padding-right: 0px !important;padding-left: 0px !important;}&#8221;][vc_single_image image=&#8221;1126&#8243; img_size=&#8221;1920&#215;687&#8243; alignment=&#8221;center&#8221; onclick=&#8221;custom_link&#8221; css=&#8221;&#8221; link=&#8221;https:\/\/timounnoupeyi.com\/tmnp\/boutique\/&#8221;][vc_column_text css=&#8221;.vc_custom_1754470115401{margin-right: 5px !important;margin-left: 5px !important;border-right-width: 5px !important;border-left-width: 5px !important;padding-right: 10px !important;padding-left: 10px !important;background-position: center !important;background-repeat: no-repeat !important;background-size: contain !important;border-radius: 5px !important;}&#8221;]Bienvenue dans la boutique \u00ab Ti Moun &hellip; Continue reading &rarr;\" \/>\n<meta property=\"og:url\" content=\"https:\/\/timounnoupeyi.com\/tmnp\/\" \/>\n<meta property=\"og:site_name\" content=\"Ti Moun Nou P\u00e9yi\" \/>\n<meta property=\"article:publisher\" content=\"https:\/\/www.facebook.com\/TiMounNouPeyi\" \/>\n<meta property=\"article:modified_time\" content=\"2025-08-06T21:35:46+00:00\" \/>\n<meta name=\"twitter:card\" content=\"summary_large_image\" \/>\n<meta name=\"twitter:label1\" content=\"Dur\u00e9e de lecture estim\u00e9e\" \/>\n\t<meta name=\"twitter:data1\" content=\"2 minutes\" \/>\n<script type=\"application\/ld+json\" class=\"yoast-schema-graph\">{\"@context\":\"https:\\\/\\\/schema.org\",\"@graph\":[{\"@type\":\"WebPage\",\"@id\":\"https:\\\/\\\/timounnoupeyi.com\\\/tmnp\\\/\",\"url\":\"https:\\\/\\\/timounnoupeyi.com\\\/tmnp\\\/\",\"name\":\"Accueil - Ti Moun Nou P\u00e9yi\",\"isPartOf\":{\"@id\":\"https:\\\/\\\/timounnoupeyi.com\\\/tmnp\\\/#website\"},\"datePublished\":\"2015-05-09T23:29:28+00:00\",\"dateModified\":\"2025-08-06T21:35:46+00:00\",\"inLanguage\":\"fr-FR\",\"potentialAction\":[{\"@type\":\"ReadAction\",\"target\":[\"https:\\\/\\\/timounnoupeyi.com\\\/tmnp\\\/\"]}]},{\"@type\":\"WebSite\",\"@id\":\"https:\\\/\\\/timounnoupeyi.com\\\/tmnp\\\/#website\",\"url\":\"https:\\\/\\\/timounnoupeyi.com\\\/tmnp\\\/\",\"name\":\"Ti Moun Nou P\u00e9yi\",\"description\":\"\",\"potentialAction\":[{\"@type\":\"SearchAction\",\"target\":{\"@type\":\"EntryPoint\",\"urlTemplate\":\"https:\\\/\\\/timounnoupeyi.com\\\/tmnp\\\/?s={search_term_string}\"},\"query-input\":{\"@type\":\"PropertyValueSpecification\",\"valueRequired\":true,\"valueName\":\"search_term_string\"}}],\"inLanguage\":\"fr-FR\"}]}<\/script>\n<!-- \/ Yoast SEO plugin. -->","yoast_head_json":{"title":"Accueil - Ti Moun Nou P\u00e9yi","robots":{"index":"index","follow":"follow","max-snippet":"max-snippet:-1","max-image-preview":"max-image-preview:large","max-video-preview":"max-video-preview:-1"},"canonical":"https:\/\/timounnoupeyi.com\/tmnp\/","og_locale":"fr_FR","og_type":"article","og_title":"Accueil - Ti Moun Nou P\u00e9yi","og_description":"[vc_row cth_layout=&#8221;home_full_height&#8221;][vc_column css=&#8221;.vc_custom_1448424282515{padding-right: 0px !important;padding-left: 0px !important;}&#8221;][vc_single_image image=&#8221;1126&#8243; img_size=&#8221;1920&#215;687&#8243; alignment=&#8221;center&#8221; onclick=&#8221;custom_link&#8221; css=&#8221;&#8221; link=&#8221;https:\/\/timounnoupeyi.com\/tmnp\/boutique\/&#8221;][vc_column_text css=&#8221;.vc_custom_1754470115401{margin-right: 5px !important;margin-left: 5px !important;border-right-width: 5px !important;border-left-width: 5px !important;padding-right: 10px !important;padding-left: 10px !important;background-position: center !important;background-repeat: no-repeat !important;background-size: contain !important;border-radius: 5px !important;}&#8221;]Bienvenue dans la boutique \u00ab Ti Moun &hellip; Continue reading &rarr;","og_url":"https:\/\/timounnoupeyi.com\/tmnp\/","og_site_name":"Ti Moun Nou P\u00e9yi","article_publisher":"https:\/\/www.facebook.com\/TiMounNouPeyi","article_modified_time":"2025-08-06T21:35:46+00:00","twitter_card":"summary_large_image","twitter_misc":{"Dur\u00e9e de lecture estim\u00e9e":"2 minutes"},"schema":{"@context":"https:\/\/schema.org","@graph":[{"@type":"WebPage","@id":"https:\/\/timounnoupeyi.com\/tmnp\/","url":"https:\/\/timounnoupeyi.com\/tmnp\/","name":"Accueil - Ti Moun Nou P\u00e9yi","isPartOf":{"@id":"https:\/\/timounnoupeyi.com\/tmnp\/#website"},"datePublished":"2015-05-09T23:29:28+00:00","dateModified":"2025-08-06T21:35:46+00:00","inLanguage":"fr-FR","potentialAction":[{"@type":"ReadAction","target":["https:\/\/timounnoupeyi.com\/tmnp\/"]}]},{"@type":"WebSite","@id":"https:\/\/timounnoupeyi.com\/tmnp\/#website","url":"https:\/\/timounnoupeyi.com\/tmnp\/","name":"Ti Moun Nou P\u00e9yi","description":"","potentialAction":[{"@type":"SearchAction","target":{"@type":"EntryPoint","urlTemplate":"https:\/\/timounnoupeyi.com\/tmnp\/?s={search_term_string}"},"query-input":{"@type":"PropertyValueSpecification","valueRequired":true,"valueName":"search_term_string"}}],"inLanguage":"fr-FR"}]}},"_links":{"self":[{"href":"https:\/\/timounnoupeyi.com\/tmnp\/wp-json\/wp\/v2\/pages\/746","targetHints":{"allow":["GET"]}}],"collection":[{"href":"https:\/\/timounnoupeyi.com\/tmnp\/wp-json\/wp\/v2\/pages"}],"about":[{"href":"https:\/\/timounnoupeyi.com\/tmnp\/wp-json\/wp\/v2\/types\/page"}],"author":[{"embeddable":true,"href":"https:\/\/timounnoupeyi.com\/tmnp\/wp-json\/wp\/v2\/users\/1"}],"replies":[{"embeddable":true,"href":"https:\/\/timounnoupeyi.com\/tmnp\/wp-json\/wp\/v2\/comments?post=746"}],"version-history":[{"count":20,"href":"https:\/\/timounnoupeyi.com\/tmnp\/wp-json\/wp\/v2\/pages\/746\/revisions"}],"predecessor-version":[{"id":1188,"href":"https:\/\/timounnoupeyi.com\/tmnp\/wp-json\/wp\/v2\/pages\/746\/revisions\/1188"}],"wp:attachment":[{"href":"https:\/\/timounnoupeyi.com\/tmnp\/wp-json\/wp\/v2\/media?parent=746"}],"curies":[{"name":"wp","href":"https:\/\/api.w.org\/{rel}","templated":true}]}}